{"id":104,"date":"2020-03-17T15:11:50","date_gmt":"2020-03-17T15:11:50","guid":{"rendered":"http:\/\/naturheilpraxis-klemme.de\/?page_id=104"},"modified":"2025-10-20T10:31:01","modified_gmt":"2025-10-20T10:31:01","slug":"aktuelles","status":"publish","type":"page","link":"http:\/\/naturheilpraxis-klemme.de\/?page_id=104","title":{"rendered":"Aktuelles"},"content":{"rendered":"\n<p>Neu!! Es sind wieder <strong>Hausbesuche<\/strong> m\u00f6glich. Insbesondere f\u00fcr nicht mobile Menschen und f\u00fcr Menschen, die w\u00e4hrend einer schweren Erkrankung ein wenig Unterst\u00fctzung ben\u00f6tigen. Die Hausbesuche finden hier im Raum Lippe statt.<\/p>\n\n\n\n<p><\/p>\n\n\n\n<p><strong>Kiefer in Balance &#8211; Kurs f\u00fcr Eltern von Kindern in kieferorthop\u00e4discher Behandlung<\/strong><\/p>\n\n\n\n<p>Sanfter Ausgleich der Kiefermuskeln \u00fcber einfache \u00dcbungen zum Wohle der Teenies\/Kinder in einer kieferorthop\u00e4dischen Behandlung. Ein Kurs f\u00fcr Erwachsene, wenn gew\u00fcnscht kann Ihr Kind kostenfrei teilnehmen. N\u00e4heres unter <strong>Kurse und Termine<\/strong>.<\/p>\n\n\n\n<p><strong>Freitag, den 24.10.2025 von 14.00 &#8211; 19.00 h<\/strong> Ort: Naturheilpraxis Impuls, Mittelstr. 17, 32657 Lemgo<\/p>\n\n\n\n<p><\/p>\n\n\n\n<p><strong>Eselwanderungen f\u00fcr erholungsbed\u00fcrftige Mitmenschen mit Entspannungsmodulen<\/strong><\/p>\n\n\n\n<p><strong>Kr\u00e4uterspazierg\u00e4nge mit Eseln<\/strong><\/p>\n\n\n\n<p><strong><mark style=\"background-color:rgba(0, 0, 0, 0)\" class=\"has-inline-color has-vivid-red-color\">Hajoona &#8211; Nahrungserg\u00e4nzung und Energie f\u00fcr den ganzen Tag aus eigener \u00dcberzeugung<\/mark><\/strong><\/p>\n\n\n\n<p>Diese Produkte haben mich vollends \u00fcberzeugt. Seit 2019 zun\u00e4chst der Start mit Balance &#8211; gr\u00fcner Kaffee und Vitalpilze und weiter Energie tanken mit Vitality &#8211; Aronia-Saft mit pfiffigen Hildegard-von-Bingen Kr\u00e4utern. Ausgleich und Kur f\u00fcr den Darm, ein gesundes Mikrobiom mit Reset. Insbesondere das neue harmony Omega-3 \u00d6l ist sensationell! Genau mein Ding:<\/p>\n\n\n\n<div class=\"wp-block-group is-layout-grid wp-container-core-group-is-layout-9649a0d9 wp-block-group-is-layout-grid\">\n<figure class=\"wp-block-gallery has-nested-images columns-default is-cropped wp-block-gallery-1 is-layout-flex wp-block-gallery-is-layout-flex\">\n<figure class=\"wp-block-image size-large\"><img loading=\"lazy\" decoding=\"async\" width=\"665\" height=\"1024\" data-id=\"148\" src=\"https:\/\/naturheilpraxis-klemme.de\/wp-content\/uploads\/2025\/05\/1000051988-1-665x1024.png\" alt=\"\" class=\"wp-image-148\" srcset=\"http:\/\/naturheilpraxis-klemme.de\/wp-content\/uploads\/2025\/05\/1000051988-1-665x1024.png 665w, http:\/\/naturheilpraxis-klemme.de\/wp-content\/uploads\/2025\/05\/1000051988-1-195x300.png 195w, http:\/\/naturheilpraxis-klemme.de\/wp-content\/uploads\/2025\/05\/1000051988-1-1x2.png 1w, http:\/\/naturheilpraxis-klemme.de\/wp-content\/uploads\/2025\/05\/1000051988-1.png 720w\" sizes=\"auto, (max-width: 665px) 100vw, 665px\" \/><\/figure>\n<\/figure>\n\n\n<div class=\"wp-block-image\">\n<figure class=\"aligncenter size-large\"><img loading=\"lazy\" decoding=\"async\" width=\"617\" height=\"1024\" src=\"https:\/\/naturheilpraxis-klemme.de\/wp-content\/uploads\/2025\/05\/1000051991-617x1024.png\" alt=\"\" class=\"wp-image-142\" srcset=\"http:\/\/naturheilpraxis-klemme.de\/wp-content\/uploads\/2025\/05\/1000051991-617x1024.png 617w, http:\/\/naturheilpraxis-klemme.de\/wp-content\/uploads\/2025\/05\/1000051991-181x300.png 181w, http:\/\/naturheilpraxis-klemme.de\/wp-content\/uploads\/2025\/05\/1000051991-1x2.png 1w, http:\/\/naturheilpraxis-klemme.de\/wp-content\/uploads\/2025\/05\/1000051991.png 720w\" sizes=\"auto, (max-width: 617px) 100vw, 617px\" \/><\/figure><\/div>\n\n\n<figure class=\"wp-block-image size-large\"><img loading=\"lazy\" decoding=\"async\" width=\"709\" height=\"1024\" src=\"https:\/\/naturheilpraxis-klemme.de\/wp-content\/uploads\/2025\/05\/1000051990-1-709x1024.png\" alt=\"\" class=\"wp-image-150\" srcset=\"http:\/\/naturheilpraxis-klemme.de\/wp-content\/uploads\/2025\/05\/1000051990-1-709x1024.png 709w, http:\/\/naturheilpraxis-klemme.de\/wp-content\/uploads\/2025\/05\/1000051990-1-208x300.png 208w, http:\/\/naturheilpraxis-klemme.de\/wp-content\/uploads\/2025\/05\/1000051990-1-1x1.png 1w, http:\/\/naturheilpraxis-klemme.de\/wp-content\/uploads\/2025\/05\/1000051990-1.png 720w\" sizes=\"auto, (max-width: 709px) 100vw, 709px\" \/><\/figure>\n\n\n\n<figure class=\"wp-block-image size-large\"><img loading=\"lazy\" decoding=\"async\" width=\"662\" height=\"1024\" src=\"https:\/\/naturheilpraxis-klemme.de\/wp-content\/uploads\/2025\/05\/1000051989-3-662x1024.png\" alt=\"\" class=\"wp-image-149\" srcset=\"http:\/\/naturheilpraxis-klemme.de\/wp-content\/uploads\/2025\/05\/1000051989-3-662x1024.png 662w, http:\/\/naturheilpraxis-klemme.de\/wp-content\/uploads\/2025\/05\/1000051989-3-194x300.png 194w, http:\/\/naturheilpraxis-klemme.de\/wp-content\/uploads\/2025\/05\/1000051989-3-1x2.png 1w, http:\/\/naturheilpraxis-klemme.de\/wp-content\/uploads\/2025\/05\/1000051989-3.png 720w\" sizes=\"auto, (max-width: 662px) 100vw, 662px\" \/><\/figure>\n<\/div>\n\n\n\n<p>&#8222;<a href=\"https:\/\/deref-web.de\/mail\/client\/gtGVPyN9BOQ\/dereferrer\/?redirectUrl=https%3A%2F%2Fonlinesponsoring.hajoona.com%2FC33D75F8-8797-4D16%2Ftp\" target=\"_blank\" rel=\"noreferrer noopener\">https:\/\/onlinesponsoring.hajoona.com\/C33D75F8-8797-4D16\/tp<\/a>&#8222;<\/p>\n\n\n\n<p><\/p>\n","protected":false},"excerpt":{"rendered":"<p>Neu!! Es sind wieder Hausbesuche m\u00f6glich. Insbesondere f\u00fcr nicht mobile Menschen und f\u00fcr Menschen, die w\u00e4hrend einer schweren Erkrankung ein wenig Unterst\u00fctzung ben\u00f6tigen. Die Hausbesuche finden hier im Raum Lippe statt. Kiefer in Balance &#8211; Kurs f\u00fcr Eltern von Kindern in kieferorthop\u00e4discher Behandlung Sanfter Ausgleich der Kiefermuskeln \u00fcber einfache \u00dcbungen zum Wohle der Teenies\/Kinder in [&hellip;]<\/p>\n","protected":false},"author":1,"featured_media":0,"parent":0,"menu_order":0,"comment_status":"closed","ping_status":"closed","template":"","meta":{"footnotes":""},"class_list":["post-104","page","type-page","status-publish","hentry"],"_links":{"self":[{"href":"http:\/\/naturheilpraxis-klemme.de\/index.php?rest_route=\/wp\/v2\/pages\/104","targetHints":{"allow":["GET"]}}],"collection":[{"href":"http:\/\/naturheilpraxis-klemme.de\/index.php?rest_route=\/wp\/v2\/pages"}],"about":[{"href":"http:\/\/naturheilpraxis-klemme.de\/index.php?rest_route=\/wp\/v2\/types\/page"}],"author":[{"embeddable":true,"href":"http:\/\/naturheilpraxis-klemme.de\/index.php?rest_route=\/wp\/v2\/users\/1"}],"replies":[{"embeddable":true,"href":"http:\/\/naturheilpraxis-klemme.de\/index.php?rest_route=%2Fwp%2Fv2%2Fcomments&post=104"}],"version-history":[{"count":15,"href":"http:\/\/naturheilpraxis-klemme.de\/index.php?rest_route=\/wp\/v2\/pages\/104\/revisions"}],"predecessor-version":[{"id":179,"href":"http:\/\/naturheilpraxis-klemme.de\/index.php?rest_route=\/wp\/v2\/pages\/104\/revisions\/179"}],"wp:attachment":[{"href":"http:\/\/naturheilpraxis-klemme.de\/index.php?rest_route=%2Fwp%2Fv2%2Fmedia&parent=104"}],"curies":[{"name":"wp","href":"https:\/\/api.w.org\/{rel}","templated":true}]}}