{"id":28,"date":"2020-01-07T20:06:57","date_gmt":"2020-01-07T20:06:57","guid":{"rendered":"http:\/\/naturheilpraxis-klemme.de\/?page_id=28"},"modified":"2025-05-13T19:37:12","modified_gmt":"2025-05-13T19:37:12","slug":"behandlungsmethoden","status":"publish","type":"page","link":"http:\/\/naturheilpraxis-klemme.de\/?page_id=28","title":{"rendered":"Behandlungsmethoden"},"content":{"rendered":"\n<figure class=\"wp-block-image\"><img loading=\"lazy\" decoding=\"async\" width=\"1024\" height=\"683\" src=\"http:\/\/naturheilpraxis-klemme.de\/wp-content\/uploads\/2020\/01\/IMG_4475-1024x683.jpg\" alt=\"\" class=\"wp-image-14\" srcset=\"http:\/\/naturheilpraxis-klemme.de\/wp-content\/uploads\/2020\/01\/IMG_4475-1024x683.jpg 1024w, http:\/\/naturheilpraxis-klemme.de\/wp-content\/uploads\/2020\/01\/IMG_4475-300x200.jpg 300w, http:\/\/naturheilpraxis-klemme.de\/wp-content\/uploads\/2020\/01\/IMG_4475-768x512.jpg 768w, http:\/\/naturheilpraxis-klemme.de\/wp-content\/uploads\/2020\/01\/IMG_4475-1x1.jpg 1w\" sizes=\"auto, (max-width: 1024px) 100vw, 1024px\" \/><\/figure>\n\n\n\n<h4 class=\"wp-block-heading\">Naturheilkundliche Therapie mit Hom\u00f6opathie&nbsp;<\/h4>\n\n\n\n<p><strong>Klassische Hom\u00f6opathie<\/strong><\/p>\n\n\n\n<p>Die klassische Hom\u00f6opathie, mit der ich mich in meiner Praxis besch\u00e4ftige, beginnt zun\u00e4chst mit einer ausf\u00fchrlichen Anamnese, in welcher Ihre Krankheitsgeschichte und die Symptome er\u00f6rtert und aufgenommen  werden. Anhand dieser Anamnese wird im Rahmen der Fallanalyse das geeignete hom\u00f6opathische Arzneimittel ausgew\u00e4hlt und die Behandlungsart festgelegt.&nbsp;Repertorisiert wird nach dem Symptomenlexikon. Behandlungen finden auf unterschiedlichen Potenzebenen und in K\u00fcgelchen- oder Tropfenform statt. Auch die Art und H\u00e4ufigkeit der Gabe wird definiert. In regelm\u00e4\u00dfigen Abst\u00e4nden wird die Dosierung und der Fortschritt beobachtet und gegebenenfalls angepasst.<\/p>\n\n\n\n<p><strong>Kieferbalancen<\/strong><\/p>\n\n\n\n<p>Kieferbalance\nnach der Methode R.E.S.E.T.\u00ae&nbsp;ist ein Teil der Kinesiologie und besch\u00e4ftigt\nsich mit der Kiefermuskulatur. Ziel ist es, mittels wenig \u00e4u\u00dferem Einfluss,\nohne Manipulation und nur mit sanften Therapieans\u00e4tzen eine Entspannung im\nKiefergelenk herzustellen, die Muskulatur zu entlasten und so den ganzen K\u00f6rper\nins Gleichgewicht zu bringen. So k\u00f6nnen zum Beispiel Kopfschmerzen oder\nGelenkschmerzen sanft gelindert werden.&nbsp;<\/p>\n\n\n\n<p><strong>Wirbels\u00e4ulentherapie<\/strong><\/p>\n\n\n\n<p>Die\nWirbels\u00e4ulentherapie, auch Dorn-Methode genannt, wurde in den 1980er Jahren vom\nNamensgeber Dorn entwickelt. Bei dieser Therapie wird der K\u00f6rper des Patienten\nauf Fehlstellungen untersucht und dann wieder ins Gleichgewicht gebracht. Vor\nder Behandlung wird&nbsp; eine&nbsp;Massage&nbsp;nach der Breu\u00df-Methode\ndurchgef\u00fchrt, zum Wohlgef\u00fchl und W\u00e4rmen des\nR\u00fcckens.&nbsp;Zur&nbsp;anschlie\u00dfenden Dorn-Therapie nutzt der Heilpraktiker\nspezielle Therapiegriffe, die den K\u00f6rper zur Mitte und zur Wirbels\u00e4ule\nausrichten und so Schmerzen lindern oder die Selbstheilung anregen.<\/p>\n\n\n\n<p><strong>Wirbels\u00e4ulentherapie am Atlaswirbel nach Dorn<\/strong><\/p>\n\n\n\n<p>In 2025 neu dazu gekommen eine Methode f\u00fcr den 1. Halswirbel unterrichtet von Sven Koch. Gerade im Zusammenhang mit den Kieferbalancen ist es ein wertvoller Baustein, um die Halswirbelregion sanft ins Gleichgewicht zu schwingen.<\/p>\n\n\n\n<h2 class=\"wp-block-heading\"><strong>Naturheilverfahren mit Kinesiologie in Lemgo<\/strong><\/h2>\n\n\n\n<p>Sie sind gestresst und unentspannt? Kommen Sie zu mir in die Naturheilpraxis und lassen Sie sich mit Hilfe von&nbsp;Kinesiologie&nbsp;entspannen. Die Heilmethode&nbsp;benutze ich f\u00fcr folgende Anwendungen:<\/p>\n\n\n\n<ul class=\"wp-block-list\">\n<li>Wohlf\u00fchlbehandlung<\/li>\n\n\n\n<li>Entspannungsm\u00f6glichkeit<\/li>\n\n\n\n<li>Zur Testung von Nahrungs- oder<br>Medikamentenunvertr\u00e4glichkeiten<\/li>\n\n\n\n<li>Zur allgemeinen St\u00e4rkung der<br>Abwehrkr\u00e4fte<\/li>\n\n\n\n<li>Zum L\u00f6sen innerer Blockaden und<br>Wirbels\u00e4ulentheraphie<\/li>\n\n\n\n<li>Zum Auffinden der m\u00f6glichen<br>Ursache\u00a0f\u00fcr Erkrankungen<\/li>\n\n\n\n<li>Zur Verbesserung aller K\u00f6rperreflexe<\/li>\n<\/ul>\n\n\n\n<p><strong>Was genau ist Kinesiologie?<\/strong><\/p>\n\n\n\n<p>Der Begriff Kinesiologie setzt sich zusammen aus dem griechischen Worten Kinesis = Bewegung und logos = Sinn, Geist, Gesetz. Kinesiologen gehen davon aus, dass jeder K\u00f6rper die \u201eLebensgeschichte des Individuums Mensch\u201c in den Muskeln und allen anderen Zellen gespeichert hat. Ein Grundsatz der Kinesiologie ist, dass Gesundheit und Wohlbefinden vom Fluss der Lebensenergie und der Einheit von K\u00f6rper, Geist und Seele abh\u00e4ngt. Ziel ist es, m\u00f6glichst in Balance zu sein. Mit Hilfe der Kinesiologie ist es m\u00f6glich, das Energieniveau des Menschen zu steigern oder zu stabilisieren.<\/p>\n\n\n\n<p><strong>Fu\u00dfreflexzonenmassage<\/strong><\/p>\n\n\n\n<p>Die Fu\u00dfreflexzonentherapie ist ein \u00fcber 4000 Jahre altes Therapieverfahren, das in ganz unterschiedlichen Kulturen angewendet wurde und auch heute noch angewendet wird. \u00dcber die Reflexzonen der F\u00fc\u00dfe werden laut diesem uralten Wissen an bestimmten Zonen die Organe stimuliert. Dies geschieht \u00fcber bestimmte Druckpunkte oder die Massage. Der Patient liegt dabei entspannt auf der Liege. Eine Fu\u00dfreflexzonenmassage dauert etwa 45 Min + ca. 15 Min. Vorgespr\u00e4ch.<\/p>\n\n\n\n<p><\/p>\n\n\n\n<p><\/p>\n","protected":false},"excerpt":{"rendered":"<p>Klassische Hom\u00f6oathie \u00b7<br \/>\nKinesiologie \u00b7<br \/>\nWirbels\u00e4ulentherapie \u00b7<br \/>\nKieferbalancen<\/p>\n","protected":false},"author":1,"featured_media":14,"parent":0,"menu_order":0,"comment_status":"closed","ping_status":"closed","template":"","meta":{"footnotes":""},"class_list":["post-28","page","type-page","status-publish","has-post-thumbnail","hentry"],"_links":{"self":[{"href":"http:\/\/naturheilpraxis-klemme.de\/index.php?rest_route=\/wp\/v2\/pages\/28","targetHints":{"allow":["GET"]}}],"collection":[{"href":"http:\/\/naturheilpraxis-klemme.de\/index.php?rest_route=\/wp\/v2\/pages"}],"about":[{"href":"http:\/\/naturheilpraxis-klemme.de\/index.php?rest_route=\/wp\/v2\/types\/page"}],"author":[{"embeddable":true,"href":"http:\/\/naturheilpraxis-klemme.de\/index.php?rest_route=\/wp\/v2\/users\/1"}],"replies":[{"embeddable":true,"href":"http:\/\/naturheilpraxis-klemme.de\/index.php?rest_route=%2Fwp%2Fv2%2Fcomments&post=28"}],"version-history":[{"count":11,"href":"http:\/\/naturheilpraxis-klemme.de\/index.php?rest_route=\/wp\/v2\/pages\/28\/revisions"}],"predecessor-version":[{"id":132,"href":"http:\/\/naturheilpraxis-klemme.de\/index.php?rest_route=\/wp\/v2\/pages\/28\/revisions\/132"}],"wp:featuredmedia":[{"embeddable":true,"href":"http:\/\/naturheilpraxis-klemme.de\/index.php?rest_route=\/wp\/v2\/media\/14"}],"wp:attachment":[{"href":"http:\/\/naturheilpraxis-klemme.de\/index.php?rest_route=%2Fwp%2Fv2%2Fmedia&parent=28"}],"curies":[{"name":"wp","href":"https:\/\/api.w.org\/{rel}","templated":true}]}}