{"id":4,"date":"2020-01-07T19:24:55","date_gmt":"2020-01-07T19:24:55","guid":{"rendered":"http:\/\/naturheilpraxis-klemme.de\/?page_id=4"},"modified":"2025-05-13T19:21:45","modified_gmt":"2025-05-13T19:21:45","slug":"naturheilpraxis-klemme","status":"publish","type":"page","link":"http:\/\/naturheilpraxis-klemme.de\/","title":{"rendered":"Naturheilpraxis Klemme"},"content":{"rendered":"\n<figure class=\"wp-block-image\"><img loading=\"lazy\" decoding=\"async\" width=\"1024\" height=\"683\" src=\"http:\/\/naturheilpraxis-klemme.de\/wp-content\/uploads\/2020\/01\/IMG_4377-1024x683.jpg\" alt=\"\" class=\"wp-image-60\" srcset=\"http:\/\/naturheilpraxis-klemme.de\/wp-content\/uploads\/2020\/01\/IMG_4377-1024x683.jpg 1024w, http:\/\/naturheilpraxis-klemme.de\/wp-content\/uploads\/2020\/01\/IMG_4377-300x200.jpg 300w, http:\/\/naturheilpraxis-klemme.de\/wp-content\/uploads\/2020\/01\/IMG_4377-768x512.jpg 768w, http:\/\/naturheilpraxis-klemme.de\/wp-content\/uploads\/2020\/01\/IMG_4377-1x1.jpg 1w\" sizes=\"auto, (max-width: 1024px) 100vw, 1024px\" \/><\/figure>\n\n\n\n<figure class=\"wp-block-pullquote has-text-align-left is-style-solid-color has-very-light-gray-color has-light-green-cyan-background-color has-text-color has-background\"><blockquote><p>Rufen Sie mich an:<br>05261-2830076<\/p><\/blockquote><\/figure>\n\n\n\n<p><strong>Die Praxis hilft&nbsp;mit der Kraft der Natur<\/strong><\/p>\n\n\n\n<p>In\nmeiner&nbsp;Naturheilpraxis in Lemgo steht Ihr K\u00f6rper als ganzheitlich\nagierendes System im Vordergrund meiner Behandlungsmethoden. Ich setze&nbsp;auf\nbew\u00e4hrte Naturheilverfahren und hom\u00f6opathische Ans\u00e4tze zur Heilung Ihrer\nBeschwerden und halte&nbsp;das passende Heilmittel f\u00fcr Ihre individuellen\nSymptome&nbsp;bereit. Dabei nehme&nbsp;ich mir&nbsp;viel Zeit f\u00fcr Ihre\nBehandlung und Beratung und gehe&nbsp;auf Ihre Fragen ehrlich und gewissenhaft\nein.<\/p>\n\n\n\n<p><strong>Die alternativen Heilmethoden und wer ich bin<\/strong><\/p>\n\n\n\n<p>Fr\u00fch kam ich in den\nKontakt zur Hom\u00f6opathie durch eigene Erfahrungen. Bereits nach der Geburt\nmeines ersten Kindes, zeigten sich die ersten Erfolge bei der Behandlung von\nNeurodermitis durch hom\u00f6opathische Heilverfahren. Auch meine beiden j\u00fcngeren\nKinder wurden beide erfolgreich gegen Allergien behandelt. Alle drei sind heute\nselbst gro\u00dfe Freunde der Kinesiologie zur Entspannung z.&nbsp;B. vor Klausuren\nin der Schule oder zur St\u00e4rkung bei Infekten. Ein Antibiotikum musste ich bei\nmeinen eigenen Kindern bislang nicht verwenden.<\/p>\n\n\n\n<p>In meiner\nNaturheilpraxis sind meine Behandlungen durch diese Erfahrung mit einem genauen\nBlick auf die individuelle Entwicklung und die Bed\u00fcrfnisse des Kindes und der\nEltern gest\u00e4rkt, besonders, wenn die Gesundheit aus ganzheitlicher Sicht\nbetrachtet wird.<\/p>\n\n\n\n<p>Die Entfaltung Ihrer Kinder bereits bei der Schwangerschaft und Geburt, im Kleinkind- und Schulkindalter bis hin zur Lernberatung von Kindern und Jugendlichen vor Pr\u00fcfungs- oder Bewerbungssituationen sind f\u00fcr mich wichtige Bausteine zur individuellen Begleitung und Beratung.<\/p>\n\n\n\n<p>Erneut durch eigene Erfahrungen sind jetzt die Wechseljahre der Frau ein wichtiges Thema. Was sind die Bed\u00fcrfnisse in den Wechseljahren? Welche Dinge sind jetzt wertvoll f\u00fcr uns? Ist ein Hormonspeicheltest sinnvoll? Wie kann ich meinen K\u00f6rper gut durch diese Wechselzeit begleiten? Auch hier bietet die Hom\u00f6opathie wertvolle Unterst\u00fctzung ebenso Ern\u00e4hrung, Bewegung und Entspannung.<\/p>\n\n\n\n<p>Hom\u00f6opathie bei Krebserkrankungen&#8230;.<\/p>\n\n\n\n<div class=\"wp-block-group\"><div class=\"wp-block-group__inner-container is-layout-constrained wp-block-group-is-layout-constrained\">\n<p>Ja, das gibt es: z. B. die Spinedi &#8211; Klinik in der Schweiz. Dort finden Sie wichtige Informationen. Ansonsten kann eine naturheilkundliche und hom\u00f6opathische Behandlung helfen, die g\u00e4ngigen Krebstherapien ertr\u00e4glicher zu machen, nicht jedoch ersetzen. Auch \u00fcber die Kinesiologie ist es wichtig, eine positive Ausrichtung zu unterst\u00fctzen und den K\u00f6rper in diesem herausfordernden Prozess gut zu begleiten. <\/p>\n<\/div><\/div>\n\n\n\n<p><strong>Klassische\nhom\u00f6opathische Behandlung in Lemgo<\/strong><\/p>\n\n\n\n<p>St\u00e4rken\nSie Ihr Immunsystem mit der Kraft der Natur. In meiner Praxis behandle&nbsp;ich\nSie und Ihr Kind mit sanften Mitteln aus der Natur, die Ihr Immunsystem und das\nIhres Kindes wirksam unterst\u00fctzen.<\/p>\n\n\n\n<p>Aus\nStudien und der eigenen Erfahrung kann ich&nbsp;sagen, dass insbesondere\nS\u00e4uglinge und Kleinkinder gut auf hom\u00f6opathische&nbsp;Mittel reagieren.\nHervorragende&nbsp;Ergebnisse konnte ich vor allem bei folgenden Krankheiten\nbemerken:<\/p>\n\n\n\n<ul class=\"wp-block-list\">\n<li>Erk\u00e4ltung mit Husten, Schnupfen und<br>Fieber<\/li>\n\n\n\n<li>erh\u00f6hte Infektanf\u00e4lligkeit bei<br>Magen-Darm-Erkrankungen<\/li>\n\n\n\n<li>Zahnprobleme<\/li>\n\n\n\n<li>Wachstumsschmerzen<\/li>\n\n\n\n<li>Unterst\u00fctzung bei<br>Entwicklungsverz\u00f6gerungen\/-Auff\u00e4lligkeiten<\/li>\n\n\n\n<li>Allergien, z. B. Heuschnupfen, Ekzeme,<br>Nahrungsmittelunvertr\u00e4glichkeiten<\/li>\n<\/ul>\n\n\n\n<p>Vertrauen Sie\u00a0meiner Expertise in der Naturheilkunde und kommen Sie in meine Naturheilpraxis in Lemgo<\/p>\n","protected":false},"excerpt":{"rendered":"<p>Die Praxis hilft mit der Kraft der Natur In meiner Naturheilpraxis in Lemgo steht Ihr K\u00f6rper als ganzheitlich agierendes System im Vordergrund meiner Behandlungsmethoden. Ich setze auf bew\u00e4hrte Naturheilverfahren und hom\u00f6opathische Ans\u00e4tze zur Heilung Ihrer Beschwerden und halte das passende Heilmittel f\u00fcr Ihre individuellen Symptome bereit.<\/p>\n","protected":false},"author":1,"featured_media":17,"parent":0,"menu_order":0,"comment_status":"closed","ping_status":"closed","template":"","meta":{"footnotes":""},"class_list":["post-4","page","type-page","status-publish","has-post-thumbnail","hentry"],"_links":{"self":[{"href":"http:\/\/naturheilpraxis-klemme.de\/index.php?rest_route=\/wp\/v2\/pages\/4","targetHints":{"allow":["GET"]}}],"collection":[{"href":"http:\/\/naturheilpraxis-klemme.de\/index.php?rest_route=\/wp\/v2\/pages"}],"about":[{"href":"http:\/\/naturheilpraxis-klemme.de\/index.php?rest_route=\/wp\/v2\/types\/page"}],"author":[{"embeddable":true,"href":"http:\/\/naturheilpraxis-klemme.de\/index.php?rest_route=\/wp\/v2\/users\/1"}],"replies":[{"embeddable":true,"href":"http:\/\/naturheilpraxis-klemme.de\/index.php?rest_route=%2Fwp%2Fv2%2Fcomments&post=4"}],"version-history":[{"count":14,"href":"http:\/\/naturheilpraxis-klemme.de\/index.php?rest_route=\/wp\/v2\/pages\/4\/revisions"}],"predecessor-version":[{"id":124,"href":"http:\/\/naturheilpraxis-klemme.de\/index.php?rest_route=\/wp\/v2\/pages\/4\/revisions\/124"}],"wp:featuredmedia":[{"embeddable":true,"href":"http:\/\/naturheilpraxis-klemme.de\/index.php?rest_route=\/wp\/v2\/media\/17"}],"wp:attachment":[{"href":"http:\/\/naturheilpraxis-klemme.de\/index.php?rest_route=%2Fwp%2Fv2%2Fmedia&parent=4"}],"curies":[{"name":"wp","href":"https:\/\/api.w.org\/{rel}","templated":true}]}}