{"id":53,"date":"2020-01-07T20:40:41","date_gmt":"2020-01-07T20:40:41","guid":{"rendered":"http:\/\/naturheilpraxis-klemme.de\/?page_id=53"},"modified":"2020-01-07T20:40:41","modified_gmt":"2020-01-07T20:40:41","slug":"impressum","status":"publish","type":"page","link":"http:\/\/naturheilpraxis-klemme.de\/?page_id=53","title":{"rendered":"Impressum"},"content":{"rendered":"\n<p><strong>Berufsbezeichnung:<\/strong><\/p>\n\n\n\n<p>Heilpraktikerin\n(Bundesrepublik Deutschland)<\/p>\n\n\n\n<p><strong>Beh\u00f6rdliche\nZulassung:<\/strong><\/p>\n\n\n\n<p>Erlaubnis zur\nAus\u00fcbung der Heilkunde ohne Bestallung, erteilt am 23.05.2012 durch das\nGesundheitsamt der Stadt Minden<\/p>\n\n\n\n<p><strong>Zust\u00e4ndige\nAufsichtsbeh\u00f6rde:<\/strong><\/p>\n\n\n\n<p>Kreis Lippe\nGesundheitsamt, Felix-Fechenbach-Str. 5, 32756 Detmold<\/p>\n\n\n\n<p><strong>Berufsrechtliche\nRegelungen und Zugang zu diesen Regelungen:<\/strong><\/p>\n\n\n\n<p>Heilpraktikergesetz\n(HeilprG, BGBI. III 2122-2) \u2013 Gesetz \u00fcber die berufsm\u00e4\u00dfige Aus\u00fcbung der\nHeilkunde ohne Bestallung<br>\nErste Durchf\u00fchrungsverordnung zum Gesetz \u00fcber die berufsm\u00e4\u00dfige Aus\u00fcbung der\nHeilkunde ohne Bestallung (HeilprGDV1, BGBI. III 2122-1).<br>\nDie Gesetze k\u00f6nnen auf der Internetseite des Bundesministeriums der Justiz\neingesehen werden: <a href=\"http:\/\/www.gesetze-im-internet.de\/\" target=\"_blank\" rel=\"noreferrer noopener\">www.gesetze-im-internet.de<\/a><\/p>\n\n\n\n<p><strong>Zust\u00e4ndige\nFinanzbeh\u00f6rde:<\/strong><\/p>\n\n\n\n<p>Finanzamt Lemgo,\numsatzsteuerbefreit nach \u00a7 4, Nr. 14a UStG<\/p>\n\n\n\n<p><strong>Inhaltlich\nVerantwortlich:<\/strong><\/p>\n\n\n\n<p>Manuela Klemme,\nMittelstr. 17, 32657 Lemgo<\/p>\n","protected":false},"excerpt":{"rendered":"<p>Berufsbezeichnung: Heilpraktikerin (Bundesrepublik Deutschland) Beh\u00f6rdliche Zulassung: Erlaubnis zur Aus\u00fcbung der Heilkunde ohne Bestallung, erteilt am 23.05.2012 durch das Gesundheitsamt der Stadt Minden Zust\u00e4ndige Aufsichtsbeh\u00f6rde: Kreis Lippe Gesundheitsamt, Felix-Fechenbach-Str. 5, 32756 Detmold Berufsrechtliche Regelungen und Zugang zu diesen Regelungen: Heilpraktikergesetz (HeilprG, BGBI. III 2122-2) \u2013 Gesetz \u00fcber die berufsm\u00e4\u00dfige Aus\u00fcbung der Heilkunde ohne Bestallung Erste Durchf\u00fchrungsverordnung [&hellip;]<\/p>\n","protected":false},"author":1,"featured_media":0,"parent":0,"menu_order":0,"comment_status":"closed","ping_status":"closed","template":"","meta":{"footnotes":""},"class_list":["post-53","page","type-page","status-publish","hentry"],"_links":{"self":[{"href":"http:\/\/naturheilpraxis-klemme.de\/index.php?rest_route=\/wp\/v2\/pages\/53","targetHints":{"allow":["GET"]}}],"collection":[{"href":"http:\/\/naturheilpraxis-klemme.de\/index.php?rest_route=\/wp\/v2\/pages"}],"about":[{"href":"http:\/\/naturheilpraxis-klemme.de\/index.php?rest_route=\/wp\/v2\/types\/page"}],"author":[{"embeddable":true,"href":"http:\/\/naturheilpraxis-klemme.de\/index.php?rest_route=\/wp\/v2\/users\/1"}],"replies":[{"embeddable":true,"href":"http:\/\/naturheilpraxis-klemme.de\/index.php?rest_route=%2Fwp%2Fv2%2Fcomments&post=53"}],"version-history":[{"count":1,"href":"http:\/\/naturheilpraxis-klemme.de\/index.php?rest_route=\/wp\/v2\/pages\/53\/revisions"}],"predecessor-version":[{"id":54,"href":"http:\/\/naturheilpraxis-klemme.de\/index.php?rest_route=\/wp\/v2\/pages\/53\/revisions\/54"}],"wp:attachment":[{"href":"http:\/\/naturheilpraxis-klemme.de\/index.php?rest_route=%2Fwp%2Fv2%2Fmedia&parent=53"}],"curies":[{"name":"wp","href":"https:\/\/api.w.org\/{rel}","templated":true}]}}