{"id":81,"date":"2020-02-09T14:06:21","date_gmt":"2020-02-09T14:06:21","guid":{"rendered":"http:\/\/naturheilpraxis-klemme.de\/?page_id=81"},"modified":"2025-10-20T10:27:27","modified_gmt":"2025-10-20T10:27:27","slug":"kurse-termine","status":"publish","type":"page","link":"http:\/\/naturheilpraxis-klemme.de\/?page_id=81","title":{"rendered":"Kurse und Termine"},"content":{"rendered":"\n<p><strong>Familienzeit mit Eseln<\/strong> am Samstag, den <strong>26.10.2025 um 11 Uhr<\/strong><\/p>\n\n\n\n<p>Ort: Lemgo-Wiembeck, die Adresse wird bei Anmeldung (manuela.klemme@web.de) bekannt gegeben.<\/p>\n\n\n\n<p>Kosten: 35 \u20ac\/pro belegtem Esel, Begleitpersonen frei<\/p>\n\n\n\n<p><\/p>\n\n\n\n<h2 class=\"wp-block-heading\">R.E.S.E.T. 1 Seminar<\/h2>\n\n\n\n<p><strong>Kiefer in Balance &#8211; Kurs f\u00fcr Eltern von Kindern in kieferorthop\u00e4discher Behandlung<\/strong><\/p>\n\n\n\n<p><strong>Freitag, den 24.10.2025 von 14.00 &#8211; 19.00 h<\/strong> Ort: Naturheilpraxis Impuls, Mittelstr. 17, 32657 Lemgo<\/p>\n\n\n\n<p>Sanfter Ausgleich der Kiefermuskeln \u00fcber einfache \u00dcbungen zum Wohle der Teenies\/Kinder in einer kieferorthop\u00e4dischen Behandlung. Ein Kurs f\u00fcr Erwachsene, wenn gew\u00fcnscht kann Ihr Kind kostenfrei teilnehmen.<\/p>\n\n\n\n<p>Dieser Kurs ist ein Einstieg in die Methode nach Philipp Rafferty. <\/p>\n\n\n\n<p>Die Korrektur des verspannten Kiefergelenkmuskels kann durch das System R.E.S.E.T. von Philip Rafferty (Australien) erreicht werden. R.E.S.E.T. ist die Abk\u00fcrzung f\u00fcr <strong>R<\/strong>afferty <strong>E<\/strong>nergy <strong>S<\/strong>ystem of <strong>E<\/strong>asing the <strong>T<\/strong>empo-romandibularjoint (TMJ), was \u00fcbersetzt bedeutet: Rafferty-Energie-System f\u00fcr ein lockeres und entspanntes Kiefergelenk. Mit der R.E.S.E.T.-Methode werden verschiedene Kiefermuskeln durch energetisches Halten \u00fcber die H\u00e4nde in ihren urspr\u00fcnglichen Zustand zur\u00fcckgef\u00fchrt und dadurch ggf. Fehlstellungen des Kiefergelenks korrigiert.<\/p>\n\n\n\n<p>Das Energetisieren der Kiefermuskeln \u00fcber die H\u00e4nde kann von betroffenen Menschen in R.E.S.E.T.-Seminaren erlernt werden. Es ist eine einfache Methode, die jeder bei sich selbst oder bei anderen Personen anwenden kann. In den meisten F\u00e4llen kommt es dabei zu einer tiefen Entspannung, die einen positiven, regulierenden Effekt auf den ganzen K\u00f6rper hat. <\/p>\n\n\n\n<p>Dieser Kurs kann leider nicht online unterrichtet werden.<\/p>\n\n\n\n<p>Kursanmeldung: manuela.klemme@web.de    Tel. 05261-2830076<\/p>\n\n\n\n<p>Seminargeb\u00fchren: 110 \u20ac inkl. ausf\u00fchrliches Script und zus\u00e4tzlichem \u00dcbungsabend.<\/p>\n","protected":false},"excerpt":{"rendered":"<p>Familienzeit mit Eseln am Samstag, den 26.10.2025 um 11 Uhr Ort: Lemgo-Wiembeck, die Adresse wird bei Anmeldung (manuela.klemme@web.de) bekannt gegeben. Kosten: 35 \u20ac\/pro belegtem Esel, Begleitpersonen frei R.E.S.E.T. 1 Seminar Kiefer in Balance &#8211; Kurs f\u00fcr Eltern von Kindern in kieferorthop\u00e4discher Behandlung Freitag, den 24.10.2025 von 14.00 &#8211; 19.00 h Ort: Naturheilpraxis Impuls, Mittelstr. 17, [&hellip;]<\/p>\n","protected":false},"author":1,"featured_media":0,"parent":0,"menu_order":0,"comment_status":"closed","ping_status":"closed","template":"","meta":{"footnotes":""},"class_list":["post-81","page","type-page","status-publish","hentry"],"_links":{"self":[{"href":"http:\/\/naturheilpraxis-klemme.de\/index.php?rest_route=\/wp\/v2\/pages\/81","targetHints":{"allow":["GET"]}}],"collection":[{"href":"http:\/\/naturheilpraxis-klemme.de\/index.php?rest_route=\/wp\/v2\/pages"}],"about":[{"href":"http:\/\/naturheilpraxis-klemme.de\/index.php?rest_route=\/wp\/v2\/types\/page"}],"author":[{"embeddable":true,"href":"http:\/\/naturheilpraxis-klemme.de\/index.php?rest_route=\/wp\/v2\/users\/1"}],"replies":[{"embeddable":true,"href":"http:\/\/naturheilpraxis-klemme.de\/index.php?rest_route=%2Fwp%2Fv2%2Fcomments&post=81"}],"version-history":[{"count":26,"href":"http:\/\/naturheilpraxis-klemme.de\/index.php?rest_route=\/wp\/v2\/pages\/81\/revisions"}],"predecessor-version":[{"id":177,"href":"http:\/\/naturheilpraxis-klemme.de\/index.php?rest_route=\/wp\/v2\/pages\/81\/revisions\/177"}],"wp:attachment":[{"href":"http:\/\/naturheilpraxis-klemme.de\/index.php?rest_route=%2Fwp%2Fv2%2Fmedia&parent=81"}],"curies":[{"name":"wp","href":"https:\/\/api.w.org\/{rel}","templated":true}]}}